{"id":402,"date":"2024-04-07T17:17:27","date_gmt":"2024-04-07T17:17:27","guid":{"rendered":"https:\/\/foxxi.hu\/?page_id=402"},"modified":"2025-11-20T22:42:18","modified_gmt":"2025-11-20T22:42:18","slug":"contact","status":"publish","type":"page","link":"https:\/\/foxxi.hu\/en\/contact\/","title":{"rendered":"Contact"},"content":{"rendered":"","protected":false},"excerpt":{"rendered":"","protected":false},"author":1,"featured_media":388,"parent":0,"menu_order":0,"comment_status":"closed","ping_status":"closed","template":"","meta":{"_acf_changed":false,"footnotes":""},"class_list":["post-402","page","type-page","status-publish","has-post-thumbnail","hentry"],"acf":[],"yoast_head":"<!-- This site is optimized with the Yoast SEO Premium plugin v27.2 (Yoast SEO v27.2) - https:\/\/yoast.com\/product\/yoast-seo-premium-wordpress\/ -->\n<title>Contact - Foxxi - Budai fogszab\u00e1lyoz\u00e1s<\/title>\n<meta name=\"description\" content=\"Contact Foxxi Orthodontics in Budapest for expert orthodontic care at Sz\u00e9ll K\u00e1lm\u00e1n Square. Call +36 30 270 9420 for appointments.\" \/>\n<meta name=\"robots\" content=\"index, follow, max-snippet:-1, max-image-preview:large, max-video-preview:-1\" \/>\n<link rel=\"canonical\" href=\"https:\/\/foxxi.hu\/en\/contact\/\" \/>\n<meta property=\"og:locale\" content=\"en_US\" \/>\n<meta property=\"og:type\" content=\"article\" \/>\n<meta property=\"og:title\" content=\"Contact - Foxxi - Budai fogszab\u00e1lyoz\u00e1s\" \/>\n<meta property=\"og:description\" content=\"Contact Foxxi Orthodontics in Budapest for expert orthodontic care at Sz\u00e9ll K\u00e1lm\u00e1n Square. Call +36 30 270 9420 for appointments.\" \/>\n<meta property=\"og:url\" content=\"https:\/\/foxxi.hu\/en\/contact\/\" \/>\n<meta property=\"og:site_name\" content=\"Foxxi - Budai fogszab\u00e1lyoz\u00e1s\" \/>\n<meta property=\"article:modified_time\" content=\"2025-11-20T22:42:18+00:00\" \/>\n<meta property=\"og:image\" content=\"https:\/\/foxxi.hu\/wp-content\/uploads\/2024\/04\/kapcsolat.webp\" \/>\n\t<meta property=\"og:image:width\" content=\"1920\" \/>\n\t<meta property=\"og:image:height\" content=\"1080\" \/>\n\t<meta property=\"og:image:type\" content=\"image\/webp\" \/>\n<meta name=\"twitter:card\" content=\"summary_large_image\" \/>\n<meta name=\"twitter:label1\" content=\"Est. reading time\" \/>\n\t<meta name=\"twitter:data1\" content=\"1 minute\" \/>\n<script type=\"application\/ld+json\" class=\"yoast-schema-graph\">{\"@context\":\"https:\/\/schema.org\",\"@graph\":[{\"@type\":\"WebPage\",\"@id\":\"https:\/\/foxxi.hu\/en\/contact\/\",\"url\":\"https:\/\/foxxi.hu\/en\/contact\/\",\"name\":\"Contact - Foxxi - Budai fogszab\u00e1lyoz\u00e1s\",\"isPartOf\":{\"@id\":\"https:\/\/foxxi.hu\/#website\"},\"primaryImageOfPage\":{\"@id\":\"https:\/\/foxxi.hu\/en\/contact\/#primaryimage\"},\"image\":{\"@id\":\"https:\/\/foxxi.hu\/en\/contact\/#primaryimage\"},\"thumbnailUrl\":\"https:\/\/foxxi.hu\/wp-content\/uploads\/2024\/04\/kapcsolat.webp\",\"datePublished\":\"2024-04-07T17:17:27+00:00\",\"dateModified\":\"2025-11-20T22:42:18+00:00\",\"description\":\"Contact Foxxi Orthodontics in Budapest for expert orthodontic care at Sz\u00e9ll K\u00e1lm\u00e1n Square. Call +36 30 270 9420 for appointments.\",\"inLanguage\":\"en-US\",\"potentialAction\":[{\"@type\":\"ReadAction\",\"target\":[\"https:\/\/foxxi.hu\/en\/contact\/\"]}]},{\"@type\":\"ImageObject\",\"inLanguage\":\"en-US\",\"@id\":\"https:\/\/foxxi.hu\/en\/contact\/#primaryimage\",\"url\":\"https:\/\/foxxi.hu\/wp-content\/uploads\/2024\/04\/kapcsolat.webp\",\"contentUrl\":\"https:\/\/foxxi.hu\/wp-content\/uploads\/2024\/04\/kapcsolat.webp\",\"width\":1920,\"height\":1080,\"caption\":\"Foxxi Orthodontics in Budapest\"},{\"@type\":\"WebSite\",\"@id\":\"https:\/\/foxxi.hu\/#website\",\"url\":\"https:\/\/foxxi.hu\/\",\"name\":\"Foxxi - Budai fogszab\u00e1lyoz\u00e1s\",\"description\":\"\",\"potentialAction\":[{\"@type\":\"SearchAction\",\"target\":{\"@type\":\"EntryPoint\",\"urlTemplate\":\"https:\/\/foxxi.hu\/?s={search_term_string}\"},\"query-input\":{\"@type\":\"PropertyValueSpecification\",\"valueRequired\":true,\"valueName\":\"search_term_string\"}}],\"inLanguage\":\"en-US\"}]}<\/script>\n<!-- \/ Yoast SEO Premium plugin. -->","yoast_head_json":{"title":"Contact - Foxxi - Budai fogszab\u00e1lyoz\u00e1s","description":"Contact Foxxi Orthodontics in Budapest for expert orthodontic care at Sz\u00e9ll K\u00e1lm\u00e1n Square. Call +36 30 270 9420 for appointments.","robots":{"index":"index","follow":"follow","max-snippet":"max-snippet:-1","max-image-preview":"max-image-preview:large","max-video-preview":"max-video-preview:-1"},"canonical":"https:\/\/foxxi.hu\/en\/contact\/","og_locale":"en_US","og_type":"article","og_title":"Contact - Foxxi - Budai fogszab\u00e1lyoz\u00e1s","og_description":"Contact Foxxi Orthodontics in Budapest for expert orthodontic care at Sz\u00e9ll K\u00e1lm\u00e1n Square. Call +36 30 270 9420 for appointments.","og_url":"https:\/\/foxxi.hu\/en\/contact\/","og_site_name":"Foxxi - Budai fogszab\u00e1lyoz\u00e1s","article_modified_time":"2025-11-20T22:42:18+00:00","og_image":[{"width":1920,"height":1080,"url":"https:\/\/foxxi.hu\/wp-content\/uploads\/2024\/04\/kapcsolat.webp","type":"image\/webp"}],"twitter_card":"summary_large_image","twitter_misc":{"Est. reading time":"1 minute"},"schema":{"@context":"https:\/\/schema.org","@graph":[{"@type":"WebPage","@id":"https:\/\/foxxi.hu\/en\/contact\/","url":"https:\/\/foxxi.hu\/en\/contact\/","name":"Contact - Foxxi - Budai fogszab\u00e1lyoz\u00e1s","isPartOf":{"@id":"https:\/\/foxxi.hu\/#website"},"primaryImageOfPage":{"@id":"https:\/\/foxxi.hu\/en\/contact\/#primaryimage"},"image":{"@id":"https:\/\/foxxi.hu\/en\/contact\/#primaryimage"},"thumbnailUrl":"https:\/\/foxxi.hu\/wp-content\/uploads\/2024\/04\/kapcsolat.webp","datePublished":"2024-04-07T17:17:27+00:00","dateModified":"2025-11-20T22:42:18+00:00","description":"Contact Foxxi Orthodontics in Budapest for expert orthodontic care at Sz\u00e9ll K\u00e1lm\u00e1n Square. Call +36 30 270 9420 for appointments.","inLanguage":"en-US","potentialAction":[{"@type":"ReadAction","target":["https:\/\/foxxi.hu\/en\/contact\/"]}]},{"@type":"ImageObject","inLanguage":"en-US","@id":"https:\/\/foxxi.hu\/en\/contact\/#primaryimage","url":"https:\/\/foxxi.hu\/wp-content\/uploads\/2024\/04\/kapcsolat.webp","contentUrl":"https:\/\/foxxi.hu\/wp-content\/uploads\/2024\/04\/kapcsolat.webp","width":1920,"height":1080,"caption":"Foxxi Orthodontics in Budapest"},{"@type":"WebSite","@id":"https:\/\/foxxi.hu\/#website","url":"https:\/\/foxxi.hu\/","name":"Foxxi - Budai fogszab\u00e1lyoz\u00e1s","description":"","potentialAction":[{"@type":"SearchAction","target":{"@type":"EntryPoint","urlTemplate":"https:\/\/foxxi.hu\/?s={search_term_string}"},"query-input":{"@type":"PropertyValueSpecification","valueRequired":true,"valueName":"search_term_string"}}],"inLanguage":"en-US"}]}},"_links":{"self":[{"href":"https:\/\/foxxi.hu\/en\/wp-json\/wp\/v2\/pages\/402","targetHints":{"allow":["GET"]}}],"collection":[{"href":"https:\/\/foxxi.hu\/en\/wp-json\/wp\/v2\/pages"}],"about":[{"href":"https:\/\/foxxi.hu\/en\/wp-json\/wp\/v2\/types\/page"}],"author":[{"embeddable":true,"href":"https:\/\/foxxi.hu\/en\/wp-json\/wp\/v2\/users\/1"}],"replies":[{"embeddable":true,"href":"https:\/\/foxxi.hu\/en\/wp-json\/wp\/v2\/comments?post=402"}],"version-history":[{"count":1,"href":"https:\/\/foxxi.hu\/en\/wp-json\/wp\/v2\/pages\/402\/revisions"}],"predecessor-version":[{"id":2033,"href":"https:\/\/foxxi.hu\/en\/wp-json\/wp\/v2\/pages\/402\/revisions\/2033"}],"wp:featuredmedia":[{"embeddable":true,"href":"https:\/\/foxxi.hu\/en\/wp-json\/wp\/v2\/media\/388"}],"wp:attachment":[{"href":"https:\/\/foxxi.hu\/en\/wp-json\/wp\/v2\/media?parent=402"}],"curies":[{"name":"wp","href":"https:\/\/api.w.org\/{rel}","templated":true}]}}